{"id":1812,"date":"2017-04-03T16:58:47","date_gmt":"2017-04-03T14:58:47","guid":{"rendered":"http:\/\/www.hotellapaix.com\/accueil\/"},"modified":"2024-03-18T14:34:56","modified_gmt":"2024-03-18T13:34:56","slug":"accueil","status":"publish","type":"page","link":"https:\/\/www.hotellapaix.com\/es\/","title":{"rendered":"Bienvenida"},"content":{"rendered":"<p>[vc_row hide_bg_mobile=\u00bbyes\u00bb equal_height=\u00bbyes\u00bb bg_type=\u00bbimage\u00bb parallax_style=\u00bbvcpb-default\u00bb bg_image_new=\u00bbid^1037|url^http:\/\/www.hotellapaix.com\/wp-content\/uploads\/2017\/04\/bandeau.jpg|caption^null|alt^null|title^bandeau|description^null\u00bb bg_image_repeat=\u00bbno-repeat\u00bb bg_image_posiiton=\u00bb0 0&#8243;][vc_column el_class=\u00bbexe_pad_left\u00bb offset=\u00bbvc_col-lg-6 vc_col-md-12&#8243;]<div class=\"ult-content-box-container \" >\t\t<div class=\"ult-content-box\" style=\"box-shadow: px px px px #f7f7f7 none;margin-right:34px;-webkit-transition: all 700ms ease;-moz-transition: all 700ms ease;-ms-transition: all 700ms ease;-o-transition: all 700ms ease;transition: all 700ms ease;\"  data-hover_box_shadow=\"none\"   data-responsive_margins=\"margin-right:15px;\"   data-normal_margins=\"margin-right:34px;\"  ><div class=\"ult-animation  ult-animate-viewport  ult-no-mobile \" data-animate=\"fadeInLeft\" data-animation-delay=\"0.3\" data-animation-duration=\"1\" data-animation-iteration=\"1\" style=\"opacity:0;\" data-opacity_start_effect=\"100\"><div id=\"ultimate-heading-154769f5299099983\" class=\"uvc-heading ult-adjust-bottom-margin ultimate-heading-154769f5299099983 uvc-4133 letter_spacing_06\" data-hspacer=\"no_spacer\"  data-halign=\"left\" style=\"text-align:left\"><div class=\"uvc-heading-spacer no_spacer\" style=\"top\"><\/div><div class=\"uvc-main-heading ult-responsive\"  data-ultimate-target='.uvc-heading.ultimate-heading-154769f5299099983 h2'  data-responsive-json-new='{\"font-size\":\"desktop:25px;\",\"line-height\":\"\"}' ><h2 style=\"font-family:'Poppins';font-weight:600;color:#3d3935;margin-top:30px;margin-bottom:13px;\">H\u00d4TEL DE LA PAIX | SAINT-PALAIS<\/h2><\/div><div class=\"uvc-sub-heading ult-responsive\"  data-ultimate-target='.uvc-heading.ultimate-heading-154769f5299099983 .uvc-sub-heading '  data-responsive-json-new='{\"font-size\":\"\",\"line-height\":\"desktop:24px;\"}'  style=\"font-family:'Poppins';font-weight:normal;color:#9c9c9c;margin-bottom:12px;\"><\/p>\n<p style=\"text-align: justify;\">Un alojamiento con el encanto del campo y el confort de una peque\u00f1a ciudad en el coraz\u00f3n del Pa\u00eds Vasco Franc\u00e9s donde disfrutar de una estancia agradable.<br \/>\nEn la encrucijada de los Caminos de Santiago de Compostela, Dominique Lalanne y su equipo le acojen \u00ab\u00a0como en casa\u00a0\u00bb.<\/p>\n<p><\/div><\/div>[vc_btn title=\u00bbContactarnos\u00bb style=\u00bbcustom\u00bb custom_background=\u00bb\u00bb custom_text=\u00bb\u00bb shape=\u00bbsquare\u00bb align=\u00bbleft\u00bb i_icon_fontawesome=\u00bbfa fa-long-arrow-right\u00bb css_animation=\u00bbnone\u00bb add_icon=\u00bbtrue\u00bb link=\u00bburl:http%3A%2F%2Fwww.hotellapaix.com%2Fes%2Fcontacto%2F|||\u00bb]<\/div>\t\t<\/div><\/div>[\/vc_column][vc_column offset=\u00bbvc_col-lg-6 vc_col-md-12&#8243;][vc_single_image image=\u00bb1252&#8243; img_size=\u00bbfull\u00bb][\/vc_column][\/vc_row][vc_row][vc_column]<div class=\"arrowpress-container container-fluid bigger-container \"><div class=\"ult-spacer spacer-69f5299099a9f\" data-id=\"69f5299099a9f\" data-height=\"40\" data-height-mobile=\"50\" data-height-tab=\"\" data-height-tab-portrait=\"\" data-height-mobile-landscape=\"50\" style=\"clear:both;display:block;\"><\/div><div class=\"ult-animation  ult-animate-viewport  ult-no-mobile \" data-animate=\"fadeInUp\" data-animation-delay=\"0.3\" data-animation-duration=\"1\" data-animation-iteration=\"1\" style=\"opacity:0;\" data-opacity_start_effect=\"100\"><div id=\"ultimate-heading-644169f5299099bb1\" class=\"uvc-heading ult-adjust-bottom-margin ultimate-heading-644169f5299099bb1 uvc-9264 set_max_width\" data-hspacer=\"icon_only\"  data-halign=\"center\" style=\"text-align:center\"><div class=\"uvc-heading-spacer icon_only\" style=\"top\"><div class=\"ult-just-icon-wrapper  \"><div class=\"align-icon\" style=\"text-align:center;\">\n<div class=\"aio-icon none \"  style=\"font-size:26px;display:inline-block;\">\n\t<i class=\"icomoon-8\"><\/i>\n<\/div><\/div><\/div><\/div><div class=\"uvc-main-heading ult-responsive\"  data-ultimate-target='.uvc-heading.ultimate-heading-644169f5299099bb1 h2'  data-responsive-json-new='{\"font-size\":\"desktop:25px;\",\"line-height\":\"\"}' ><h2 style=\"font-family:'Poppins';font-weight:600;color:#3d3935;margin-top:11px;margin-bottom:6px;\">DESCUBRA<\/h2><\/div><\/div><\/div><div class=\"ult-spacer spacer-69f5299099bc2\" data-id=\"69f5299099bc2\" data-height=\"40\" data-height-mobile=\"40\" data-height-tab=\"\" data-height-tab-portrait=\"\" data-height-mobile-landscape=\"40\" style=\"clear:both;display:block;\"><\/div>[vc_row_inner][vc_column_inner width=\u00bb1\/2&#8243; offset=\u00bbvc_col-lg-3 vc_col-md-3&#8243;]<div class=\"banner-container \" id=\"arp_banner-688193290\"> \n\t<div class=\"banner-content banner-type-3  \n\t\ttext-center\t\t\t\t \n\t\t\" data-animation-delay=\"500\" data-animation=\"\">\n\t\t<div class=\"img-banner\">\n\t\t\t\t\t\t\t<img decoding=\"async\" src=\"https:\/\/www.hotellapaix.com\/wp-content\/uploads\/2017\/04\/3-2.jpg\" alt=\"img\">\n\t\t\t\t\t<\/div>\n\t\t<div class=\"banner-desc \" >\n\t\t\t\t\t\t\t<div class=\"banner_icon\"   style=\"font-size:60px;\">\n\t\t\t\t\t<i class=\"icon-2\"><\/i>\t\t\t\t\t\n\t\t\t\t<\/div>\n\t\t\t\t\t\t\n\t\t\t\t\t\t\t<h3 >NUESTRAS HABITACIONES<\/h3>\n\t\t\t\t\n\t\t\t<div class=\"hide-content transition display-onhover animated animated_custom\">\t\t\t\n\t\t\t\t\n\t\t\t\t\n\t\t\t<\/div>\t\n\t\t\t\n\t\t<\/div>\n\t\t\t\t\t<div class=\"btn-banner\">\n\t\t\t\t<a href=\"http:\/\/www.hotellapaix.com\/es\/hotel\/\" class=\"btn  btn-primary\">\n\t\t\t\t   Descubrir\t\t\t\t<\/a>\n\t\t\t<\/div>\n\t\t\t\t\n\t<\/div>\n<\/div>\n<div class=\"ult-spacer spacer-69f5299099e9a\" data-id=\"69f5299099e9a\" data-height=\"30\" data-height-mobile=\"30\" data-height-tab=\"30\" data-height-tab-portrait=\"30\" data-height-mobile-landscape=\"30\" style=\"clear:both;display:block;\"><\/div>[\/vc_column_inner][vc_column_inner width=\u00bb1\/2&#8243; offset=\u00bbvc_col-lg-3 vc_col-md-3&#8243;]<div class=\"banner-container \" id=\"arp_banner-4007228584\"> \n\t<div class=\"banner-content banner-type-3  \n\t\ttext-center\t\t\t\t \n\t\t\" data-animation-delay=\"500\" data-animation=\"\">\n\t\t<div class=\"img-banner\">\n\t\t\t\t\t\t\t<img decoding=\"async\" src=\"https:\/\/www.hotellapaix.com\/wp-content\/uploads\/2017\/04\/4-2.jpg\" alt=\"img\">\n\t\t\t\t\t<\/div>\n\t\t<div class=\"banner-desc \" >\n\t\t\t\t\t\t\t<div class=\"banner_icon\"   style=\"font-size:60px;\">\n\t\t\t\t\t<i class=\"icon-3\"><\/i>\t\t\t\t\t\n\t\t\t\t<\/div>\n\t\t\t\t\t\t\n\t\t\t\t\t\t\t<h3 >NUESTRO RESTAURANTE<\/h3>\n\t\t\t\t\n\t\t\t<div class=\"hide-content transition display-onhover animated animated_custom\">\t\t\t\n\t\t\t\t\n\t\t\t\t\n\t\t\t<\/div>\t\n\t\t\t\n\t\t<\/div>\n\t\t\t\t\t<div class=\"btn-banner\">\n\t\t\t\t<a href=\"http:\/\/www.hotellapaix.com\/es\/restaurante\/\" class=\"btn  btn-primary\">\n\t\t\t\t   Descubrir\t\t\t\t<\/a>\n\t\t\t<\/div>\n\t\t\t\t\n\t<\/div>\n<\/div>\n<div class=\"ult-spacer spacer-69f529909a0e9\" data-id=\"69f529909a0e9\" data-height=\"30\" data-height-mobile=\"30\" data-height-tab=\"30\" data-height-tab-portrait=\"30\" data-height-mobile-landscape=\"30\" style=\"clear:both;display:block;\"><\/div>[\/vc_column_inner][vc_column_inner width=\u00bb1\/2&#8243; offset=\u00bbvc_col-lg-3 vc_col-md-3&#8243;]<div class=\"banner-container \" id=\"arp_banner-2488263356\"> \n\t<div class=\"banner-content banner-type-3  \n\t\ttext-center\t\t\t\t \n\t\t\" data-animation-delay=\"500\" data-animation=\"\">\n\t\t<div class=\"img-banner\">\n\t\t\t\t\t\t\t<img decoding=\"async\" src=\"https:\/\/www.hotellapaix.com\/wp-content\/uploads\/2017\/04\/2-4.jpg\" alt=\"img\">\n\t\t\t\t\t<\/div>\n\t\t<div class=\"banner-desc \" >\n\t\t\t\t\t\t\t<div class=\"banner_icon\"   style=\"font-size:60px;\">\n\t\t\t\t\t<i class=\"fa fa-male\"><\/i>\t\t\t\t\t\n\t\t\t\t<\/div>\n\t\t\t\t\t\t\n\t\t\t\t\t\t\t<h3 >SEMINARIO<\/h3>\n\t\t\t\t\n\t\t\t<div class=\"hide-content transition display-onhover animated animated_custom\">\t\t\t\n\t\t\t\t\n\t\t\t\t\n\t\t\t<\/div>\t\n\t\t\t\n\t\t<\/div>\n\t\t\t\t\t<div class=\"btn-banner\">\n\t\t\t\t<a href=\"http:\/\/www.hotellapaix.com\/es\/seminario\/\" class=\"btn  btn-primary\">\n\t\t\t\t   Descubrir\t\t\t\t<\/a>\n\t\t\t<\/div>\n\t\t\t\t\n\t<\/div>\n<\/div>\n<div class=\"ult-spacer spacer-69f529909a3c6\" data-id=\"69f529909a3c6\" data-height=\"30\" data-height-mobile=\"30\" data-height-tab=\"30\" data-height-tab-portrait=\"30\" data-height-mobile-landscape=\"30\" style=\"clear:both;display:block;\"><\/div>[\/vc_column_inner][vc_column_inner width=\u00bb1\/2&#8243; offset=\u00bbvc_col-lg-3 vc_col-md-3&#8243;]<div class=\"banner-container \" id=\"arp_banner-3333398346\"> \n\t<div class=\"banner-content banner-type-3  \n\t\ttext-center\t\t\t\t \n\t\t\" data-animation-delay=\"500\" data-animation=\"\">\n\t\t<div class=\"img-banner\">\n\t\t\t\t\t\t\t<img decoding=\"async\" src=\"https:\/\/www.hotellapaix.com\/wp-content\/uploads\/2017\/04\/5-1.jpg\" alt=\"img\">\n\t\t\t\t\t<\/div>\n\t\t<div class=\"banner-desc \" >\n\t\t\t\t\t\t\t<div class=\"banner_icon\"   style=\"font-size:60px;\">\n\t\t\t\t\t<i class=\"fa fa-blind\"><\/i>\t\t\t\t\t\n\t\t\t\t<\/div>\n\t\t\t\t\t\t\n\t\t\t\t\t\t\t<h3 >PEREGRINAJE<\/h3>\n\t\t\t\t\n\t\t\t<div class=\"hide-content transition display-onhover animated animated_custom\">\t\t\t\n\t\t\t\t\n\t\t\t\t\n\t\t\t<\/div>\t\n\t\t\t\n\t\t<\/div>\n\t\t\t\t\t<div class=\"btn-banner\">\n\t\t\t\t<a href=\"http:\/\/www.hotellapaix.com\/es\/peregrinos\/\" class=\"btn  btn-primary\">\n\t\t\t\t   Descubrir\t\t\t\t<\/a>\n\t\t\t<\/div>\n\t\t\t\t\n\t<\/div>\n<\/div>\n<div class=\"ult-spacer spacer-69f529909a66e\" data-id=\"69f529909a66e\" data-height=\"30\" data-height-mobile=\"30\" data-height-tab=\"30\" data-height-tab-portrait=\"30\" data-height-mobile-landscape=\"30\" style=\"clear:both;display:block;\"><\/div>[\/vc_column_inner][\/vc_row_inner]<\/div>\n[\/vc_column][\/vc_row][vc_row bg_type=\u00bbbg_color\u00bb bg_color_value=\u00bb#f5f5f5&#8243;][vc_column]<div class=\"ult-spacer spacer-69f529909a682\" data-id=\"69f529909a682\" data-height=\"40\" data-height-mobile=\"40\" data-height-tab=\"\" data-height-tab-portrait=\"50\" data-height-mobile-landscape=\"40\" style=\"clear:both;display:block;\"><\/div><div class=\"ult-animation  ult-animate-viewport  ult-no-mobile \" data-animate=\"bounceIn\" data-animation-delay=\"0.3\" data-animation-duration=\"1\" data-animation-iteration=\"1\" style=\"opacity:0;\" data-opacity_start_effect=\"100\"><div id=\"ultimate-heading-965069f529909a6f8\" class=\"uvc-heading ult-adjust-bottom-margin ultimate-heading-965069f529909a6f8 uvc-8650 set_max_width\" data-hspacer=\"icon_only\"  data-halign=\"center\" style=\"text-align:center\"><div class=\"uvc-heading-spacer icon_only\" style=\"margin-bottom:10px;\"><div class=\"ult-just-icon-wrapper  \"><div class=\"align-icon\" style=\"text-align:center;\">\n<div class=\"aio-icon none \"  style=\"font-size:26px;display:inline-block;\">\n\t<i class=\"icomoon-8\"><\/i>\n<\/div><\/div><\/div><\/div><div class=\"uvc-main-heading ult-responsive\"  data-ultimate-target='.uvc-heading.ultimate-heading-965069f529909a6f8 h2'  data-responsive-json-new='{\"font-size\":\"desktop:25px;\",\"line-height\":\"\"}' ><h2 style=\"font-family:'Poppins';font-weight:600;color:#3d3935;\">ACTUALIDAD<\/h2><\/div><\/div><\/div><div class=\"ult-spacer spacer-69f529909a709\" data-id=\"69f529909a709\" data-height=\"73\" data-height-mobile=\"73\" data-height-tab=\"73\" data-height-tab-portrait=\"\" data-height-mobile-landscape=\"50\" style=\"clear:both;display:block;\"><\/div><div class=\"arrowpress-container container \"><div id=\"ult-carousel-95937014169f529909a8e7\" class=\"ult-carousel-wrapper  slider_type1 ult_horizontal\" data-gutter=\"0\" data-rtl=\"false\" ><div class=\"ult-carousel-129251869769f529909a865 \" ><div class=\"ult-item-wrap\" data-animation=\"animated fadeInRight\"><div class=\"banner-container \" id=\"arp_banner-974095285\"> \n\t<div class=\"banner-content banner-type-2 \n\t\t \n\t\t\t\ttext-left\t\t \n\t\t\" data-animation-delay=\"500\" data-animation=\"\">\n\t\t<div class=\"img-banner\">\n\t\t\t\t\t\t\t<img decoding=\"async\" src=\"https:\/\/www.hotellapaix.com\/wp-content\/uploads\/2017\/04\/Place-du-Foirail-\u00e0-Saint-Palais-Pays-Basque-noir-et-blanc-projet-2.jpg\" alt=\"img\">\n\t\t\t\t\t<\/div>\n\t\t<div class=\"banner-desc \" >\n\t\t\t\t\t\t\n\t\t\t\t\t\t\t<h2 >H\u00f4tel de la Paix<\/h2>\n\t\t\t\t\t\n\t\t\t\t\t\n\t\t\t\t\t\t\t\t<\/div>\n\t<\/div>\n<\/div>\n<\/div><\/div><\/div>\t\t\t<script type=\"text\/javascript\">\n\t\t\t\tjQuery(document).ready(function ($) {\n\t\t\t\t\t$('.ult-carousel-129251869769f529909a865').slick({dots: false,autoplaySpeed: 5000,speed: 300,infinite: true,arrows: true,nextArrow: '<button type=\"button\" role=\"button\" aria-label=\"Next\" style=\"color:#333333; font-size:20px;\" class=\"slick-next default\"><i class=\"ultsl-arrow-right6\"><\/i><\/button>',prevArrow: '<button type=\"button\" role=\"button\" aria-label=\"Previous\" style=\"color:#333333; font-size:20px;\" class=\"slick-prev default\"><i class=\"ultsl-arrow-left6\"><\/i><\/button>',slidesToScroll:1,slidesToShow:1,swipe: true,draggable: true,touchMove: true,pauseOnHover: true,responsive: [\n\t\t\t\t\t\t\t{\n\t\t\t\t\t\t\t  breakpoint: 1025,\n\t\t\t\t\t\t\t  settings: {\n\t\t\t\t\t\t\t\tslidesToShow: 1,\n\t\t\t\t\t\t\t\tslidesToScroll: 1,  \n\t\t\t\t\t\t\t  }\n\t\t\t\t\t\t\t},\n\t\t\t\t\t\t\t{\n\t\t\t\t\t\t\t  breakpoint: 769,\n\t\t\t\t\t\t\t  settings: {\n\t\t\t\t\t\t\t\tslidesToShow: 1,\n\t\t\t\t\t\t\t\tslidesToScroll: 1\n\t\t\t\t\t\t\t  }\n\t\t\t\t\t\t\t},\n\t\t\t\t\t\t\t{\n\t\t\t\t\t\t\t  breakpoint: 481,\n\t\t\t\t\t\t\t  settings: {\n\t\t\t\t\t\t\t\tslidesToShow: 1,\n\t\t\t\t\t\t\t\tslidesToScroll: 1\n\t\t\t\t\t\t\t  }\n\t\t\t\t\t\t\t}\n\t\t\t\t\t\t],pauseOnDotsHover: true,customPaging: function(slider, i) {\n                   return '<i type=\"button\" style=\"color:#333333;\" class=\"ultsl-record\" data-role=\"none\"><\/i>';\n                },});\n\t\t\t\t});\n\t\t\t<\/script>\n\t\t\t<\/div>\n<div class=\"ult-spacer spacer-69f529909aca1\" data-id=\"69f529909aca1\" data-height=\"126\" data-height-mobile=\"70\" data-height-tab=\"\" data-height-tab-portrait=\"\" data-height-mobile-landscape=\"70\" style=\"clear:both;display:block;\"><\/div>[\/vc_column][\/vc_row][vc_row el_class=\u00bbcform_type1 gallery_h1&#8243;][vc_column]<div class=\"ult-spacer spacer-69f529909acae\" data-id=\"69f529909acae\" data-height=\"92\" data-height-mobile=\"50\" data-height-tab=\"50\" data-height-tab-portrait=\"50\" data-height-mobile-landscape=\"50\" style=\"clear:both;display:block;\"><\/div><div class=\"ult-animation  ult-animate-viewport  ult-no-mobile \" data-animate=\"fadeInUp\" data-animation-delay=\"0.3\" data-animation-duration=\"1\" data-animation-iteration=\"1\" style=\"opacity:0;\" data-opacity_start_effect=\"100\"><div id=\"ultimate-heading-999869f529909ad41\" class=\"uvc-heading ult-adjust-bottom-margin ultimate-heading-999869f529909ad41 uvc-3763 \" data-hspacer=\"icon_only\"  data-halign=\"center\" style=\"text-align:center\"><div class=\"uvc-heading-spacer icon_only\" style=\"top\"><div class=\"ult-just-icon-wrapper  \"><div class=\"align-icon\" style=\"text-align:center;\">\n<div class=\"aio-icon none \"  style=\"font-size:26px;display:inline-block;\">\n\t<i class=\"icomoon-8\"><\/i>\n<\/div><\/div><\/div><\/div><div class=\"uvc-main-heading ult-responsive\"  data-ultimate-target='.uvc-heading.ultimate-heading-999869f529909ad41 h2'  data-responsive-json-new='{\"font-size\":\"desktop:25px;\",\"line-height\":\"\"}' ><h2 style=\"font-family:'Poppins';font-weight:600;color:#3d3935;margin-top:11px;margin-bottom:7px;\">\u00bfNecesite alguna informatci\u00f3n ?<\/h2><\/div><\/div><\/div><div class=\"ult-spacer spacer-69f529909ad54\" data-id=\"69f529909ad54\" data-height=\"35\" data-height-mobile=\"35\" data-height-tab=\"35\" data-height-tab-portrait=\"\" data-height-mobile-landscape=\"\" style=\"clear:both;display:block;\"><\/div><div class=\"arrowpress-container container \"><div role=\"form\" class=\"wpcf7\" id=\"wpcf7-f1836-o1\" lang=\"en-US\" dir=\"ltr\">\n<div class=\"screen-reader-response\"><\/div>\n<form action=\"\/es\/wp-json\/wp\/v2\/pages\/1812#wpcf7-f1836-o1\" method=\"post\" class=\"wpcf7-form\" novalidate=\"novalidate\">\n<div style=\"display: none;\">\n<input type=\"hidden\" name=\"_wpcf7\" value=\"1836\" \/>\n<input type=\"hidden\" name=\"_wpcf7_version\" value=\"4.7\" \/>\n<input type=\"hidden\" name=\"_wpcf7_locale\" value=\"en_US\" \/>\n<input type=\"hidden\" name=\"_wpcf7_unit_tag\" value=\"wpcf7-f1836-o1\" \/>\n<input type=\"hidden\" name=\"_wpnonce\" value=\"c9b9bb5cc8\" \/>\n<\/div>\n<p><span class=\"wpcf7-form-control-wrap your-name\"><input type=\"text\" name=\"your-name\" value=\"\" size=\"40\" class=\"wpcf7-form-control wpcf7-text wpcf7-validates-as-required\" aria-required=\"true\" aria-invalid=\"false\" placeholder=\"Apellido\" \/><\/span><\/p>\n<p>    <span class=\"wpcf7-form-control-wrap your-email\"><input type=\"email\" name=\"your-email\" value=\"\" size=\"40\" class=\"wpcf7-form-control wpcf7-text wpcf7-email wpcf7-validates-as-required wpcf7-validates-as-email\" aria-required=\"true\" aria-invalid=\"false\" placeholder=\"Email\" \/><\/span> <\/p>\n<p>    <span class=\"wpcf7-form-control-wrap your-subject\"><input type=\"text\" name=\"your-subject\" value=\"\" size=\"40\" class=\"wpcf7-form-control wpcf7-text\" aria-invalid=\"false\" placeholder=\"Su pregunta\" \/><\/span> <\/p>\n<p><input type=\"submit\" value=\"Mandar\" class=\"wpcf7-form-control wpcf7-submit\" \/><\/p>\n<div class=\"wpcf7-response-output wpcf7-display-none\"><\/div><\/form><\/div><\/div>\n<div class=\"ult-spacer spacer-69f529909b72a\" data-id=\"69f529909b72a\" data-height=\"81\" data-height-mobile=\"50\" data-height-tab=\"\" data-height-tab-portrait=\"\" data-height-mobile-landscape=\"50\" style=\"clear:both;display:block;\"><\/div>[\/vc_column][\/vc_row][vc_row bg_type=\u00bbbg_color\u00bb bg_color_value=\u00bb#3d3935&#8243;][vc_column]<div class=\"ult-spacer spacer-69f529909b732\" data-id=\"69f529909b732\" data-height=\"57\" data-height-mobile=\"57\" data-height-tab=\"57\" data-height-tab-portrait=\"\" data-height-mobile-landscape=\"\" style=\"clear:both;display:block;\"><\/div>[\/vc_column][\/vc_row]<\/p>\n","protected":false},"excerpt":{"rendered":"<p>[vc_row hide_bg_mobile=\u00bbyes\u00bb equal_height=\u00bbyes\u00bb bg_type=\u00bbimage\u00bb parallax_style=\u00bbvcpb-default\u00bb bg_image_new=\u00bbid^1037|url^http:\/\/www.hotellapaix.com\/wp-content\/uploads\/2017\/04\/bandeau.jpg|caption^null|alt^null|title^bandeau|description^null\u00bb bg_image_repeat=\u00bbno-repeat\u00bb bg_image_posiiton=\u00bb0 0&#8243;][vc_column el_class=\u00bbexe_pad_left\u00bb offset=\u00bbvc_col-lg-6 vc_col-md-12&#8243;][\/vc_column][vc_column offset=\u00bbvc_col-lg-6 vc_col-md-12&#8243;][vc_single_image image=\u00bb1252&#8243; img_size=\u00bbfull\u00bb][\/vc_column][\/vc_row][vc_row][vc_column][\/vc_column][\/vc_row][vc_row bg_type=\u00bbbg_color\u00bb bg_color_value=\u00bb#f5f5f5&#8243;][vc_column][\/vc_column][\/vc_row][vc_row el_class=\u00bbcform_type1 gallery_h1&#8243;][vc_column][\/vc_column][\/vc_row][vc_row bg_type=\u00bbbg_color\u00bb bg_color_value=\u00bb#3d3935&#8243;][vc_column][\/vc_column][\/vc_row]<\/p>\n","protected":false},"author":1,"featured_media":0,"parent":0,"menu_order":0,"comment_status":"closed","ping_status":"closed","template":"","meta":{"footnotes":""},"class_list":["post-1812","page","type-page","status-publish","hentry"],"_links":{"self":[{"href":"https:\/\/www.hotellapaix.com\/es\/wp-json\/wp\/v2\/pages\/1812","targetHints":{"allow":["GET"]}}],"collection":[{"href":"https:\/\/www.hotellapaix.com\/es\/wp-json\/wp\/v2\/pages"}],"about":[{"href":"https:\/\/www.hotellapaix.com\/es\/wp-json\/wp\/v2\/types\/page"}],"author":[{"embeddable":true,"href":"https:\/\/www.hotellapaix.com\/es\/wp-json\/wp\/v2\/users\/1"}],"replies":[{"embeddable":true,"href":"https:\/\/www.hotellapaix.com\/es\/wp-json\/wp\/v2\/comments?post=1812"}],"version-history":[{"count":7,"href":"https:\/\/www.hotellapaix.com\/es\/wp-json\/wp\/v2\/pages\/1812\/revisions"}],"predecessor-version":[{"id":2191,"href":"https:\/\/www.hotellapaix.com\/es\/wp-json\/wp\/v2\/pages\/1812\/revisions\/2191"}],"wp:attachment":[{"href":"https:\/\/www.hotellapaix.com\/es\/wp-json\/wp\/v2\/media?parent=1812"}],"curies":[{"name":"wp","href":"https:\/\/api.w.org\/{rel}","templated":true}]}}