{"id":1816,"date":"2017-04-05T14:47:21","date_gmt":"2017-04-05T12:47:21","guid":{"rendered":"http:\/\/www.hotellapaix.com\/hotel\/"},"modified":"2018-01-31T11:35:34","modified_gmt":"2018-01-31T10:35:34","slug":"hotel","status":"publish","type":"page","link":"https:\/\/www.hotellapaix.com\/es\/hotel\/","title":{"rendered":"Hotel"},"content":{"rendered":"<p>[vc_row hide_bg_mobile=\u00bbyes\u00bb equal_height=\u00bbyes\u00bb bg_type=\u00bbimage\u00bb parallax_style=\u00bbvcpb-default\u00bb bg_image_new=\u00bbid^1037|url^http:\/\/www.hotellapaix.com\/wp-content\/uploads\/2017\/04\/bandeau.jpg|caption^null|alt^null|title^bandeau|description^null\u00bb bg_image_repeat=\u00bbno-repeat\u00bb bg_image_posiiton=\u00bb0 0&#8243;][vc_column el_class=\u00bbexe_pad_left\u00bb offset=\u00bbvc_col-lg-6 vc_col-md-12&#8243;]<div class=\"ult-content-box-container \" >\t\t<div class=\"ult-content-box\" style=\"box-shadow: px px px px #f7f7f7 none;margin-right:34px;-webkit-transition: all 700ms ease;-moz-transition: all 700ms ease;-ms-transition: all 700ms ease;-o-transition: all 700ms ease;transition: all 700ms ease;\"  data-hover_box_shadow=\"none\"   data-responsive_margins=\"margin-right:15px;\"   data-normal_margins=\"margin-right:34px;\"  ><div class=\"ult-animation  ult-animate-viewport  ult-no-mobile \" data-animate=\"fadeInLeft\" data-animation-delay=\"0.3\" data-animation-duration=\"1\" data-animation-iteration=\"1\" style=\"opacity:0;\" data-opacity_start_effect=\"100\"><div id=\"ultimate-heading-997269e0f79218429\" class=\"uvc-heading ult-adjust-bottom-margin ultimate-heading-997269e0f79218429 uvc-5473 letter_spacing_06\" data-hspacer=\"no_spacer\"  data-halign=\"left\" style=\"text-align:left\"><div class=\"uvc-heading-spacer no_spacer\" style=\"top\"><\/div><div class=\"uvc-main-heading ult-responsive\"  data-ultimate-target='.uvc-heading.ultimate-heading-997269e0f79218429 h2'  data-responsive-json-new='{\"font-size\":\"desktop:25px;\",\"line-height\":\"\"}' ><h2 style=\"font-family:'Poppins';font-weight:600;color:#3d3935;margin-top:30px;margin-bottom:13px;\">Entre oc\u00e9ano y monta\u00f1a<\/h2><\/div><div class=\"uvc-sub-heading ult-responsive\"  data-ultimate-target='.uvc-heading.ultimate-heading-997269e0f79218429 .uvc-sub-heading '  data-responsive-json-new='{\"font-size\":\"\",\"line-height\":\"desktop:24px;\"}'  style=\"font-family:'Poppins';font-weight:normal;color:#9c9c9c;margin-bottom:12px;\"><\/p>\n<p style=\"text-align: justify;\">Nuestro hotel lleno de encanto dispone de alojamientos confortables en el coraz\u00f3n del Pa\u00eds Vasco Franc\u00e9s.<br \/>\nNuestras 27 habitaciones espaciosas de 18m2 responden a las nuevas normas de la clasificaci\u00f3n 3\uf0ab (certificaci\u00f3n 2017) disponen de TV pantalla plana LCD 70cm (TNT, Canal +, Bein Sport), Wifi gratuito y cuarto de ba\u00f1o privado.<br \/>\nEl establecimiento dispone de un ascensor y algunas de nuestras habitaciones pueden acoger personas con discapacidad.<br \/>\nGracias a nuestra capacidad de acogida podemos albergar grupos que descubren la comarca as\u00ed como seminarios profesionales.<\/p>\n<p><\/div><\/div><\/div>\t\t<\/div><\/div>[\/vc_column][vc_column offset=\u00bbvc_col-lg-6 vc_col-md-12&#8243;][vc_single_image image=\u00bb1036&#8243; img_size=\u00bbfull\u00bb][\/vc_column][\/vc_row][vc_row bg_type=\u00bbbg_color\u00bb bg_color_value=\u00bb#f5f5f5&#8243; el_class=\u00bbroom_h1&#8243;][vc_column]<div class=\"arrowpress-container container \"><div class=\"ult-spacer spacer-69e0f79218546\" data-id=\"69e0f79218546\" data-height=\"40\" data-height-mobile=\"50\" data-height-tab=\"\" data-height-tab-portrait=\"\" data-height-mobile-landscape=\"50\" style=\"clear:both;display:block;\"><\/div><div class=\"ult-animation  ult-animate-viewport  ult-no-mobile \" data-animate=\"fadeInUp\" data-animation-delay=\"0.3\" data-animation-duration=\"1\" data-animation-iteration=\"1\" style=\"opacity:0;\" data-opacity_start_effect=\"100\"><div id=\"ultimate-heading-92169e0f7921864d\" class=\"uvc-heading ult-adjust-bottom-margin ultimate-heading-92169e0f7921864d uvc-9640 set_max_width\" data-hspacer=\"icon_only\"  data-halign=\"center\" style=\"text-align:center\"><div class=\"uvc-heading-spacer icon_only\" style=\"top\"><div class=\"ult-just-icon-wrapper  \"><div class=\"align-icon\" style=\"text-align:center;\">\n<div class=\"aio-icon none \"  style=\"font-size:26px;display:inline-block;\">\n\t<i class=\"icomoon-8\"><\/i>\n<\/div><\/div><\/div><\/div><div class=\"uvc-main-heading ult-responsive\"  data-ultimate-target='.uvc-heading.ultimate-heading-92169e0f7921864d h2'  data-responsive-json-new='{\"font-size\":\"desktop:25px;\",\"line-height\":\"\"}' ><h2 style=\"font-family:'Poppins';font-weight:600;color:#3d3935;margin-top:11px;margin-bottom:7px;\">Nuestras distintas habitaciones<\/h2><\/div><\/div><div class=\"ult-spacer spacer-69e0f7921865b\" data-id=\"69e0f7921865b\" data-height=\"40\" data-height-mobile=\"50\" data-height-tab=\"\" data-height-tab-portrait=\"\" data-height-mobile-landscape=\"50\" style=\"clear:both;display:block;\"><\/div><\/div><div class='solaz_get_widget'><div class=\"widget widget_hb_widget_carousel\">                        <div id=\"hotel_booking_slider_69e0f792191bc\" class=\"hb_room_carousel_container tp-hotel-booking\">\n                                <!--navigation-->\n                                                <div class=\"hb_room_carousel\">\n                    \n<ul class=\"room-entries-wrap rooms tp-hotel-booking hb-catalog-column-4\">\n                    \n                        \n<div id=\"room-1838\" class=\"post-1838 hb_room type-hb_room status-publish has-post-thumbnail hentry hb_room_type-hotel\">\n\n\t\n\t<div class=\"summary entry-summary\">\n\t\t<a class=\"grouped_elements\" href=\"https:\/\/www.hotellapaix.com\/wp-content\/uploads\/2016\/11\/unnamed-6.jpg\"><i class=\"icon-eye\"><\/i><\/a>\n\n\t\t<div class=\"media\">\n\t<a class=\"grouped_elements\" href=\"https:\/\/www.hotellapaix.com\/wp-content\/uploads\/2016\/11\/unnamed-6.jpg\">+<\/a>\t\n\t<a href=\"https:\/\/www.hotellapaix.com\/es\/rooms\/habitacion-doble-confort\/\">\n\t\t<img loading=\"lazy\" decoding=\"async\" src=\"https:\/\/www.hotellapaix.com\/wp-content\/uploads\/2016\/11\/unnamed-6-270x270.jpg\" width=\"270\" height=\"270\" alt=\"\"\/>\t<\/a>\n<\/div>\t\t<div class=\"room-info\">\n\t\t\t<div class=\"title\">\n    <h4>\n        <a href=\"https:\/\/www.hotellapaix.com\/es\/rooms\/habitacion-doble-confort\/\">Habitaci\u00f3n doble<\/a>\n    <\/h4>\n<\/div>\n<p>2 personas, terraza, cuarto de ba\u00f1o<\/p>\t    <div class=\"price\">\n        <span class=\"title-price\">Price<\/span>\n\t\t\n            <span class=\"price_value price_min\">&#36;0.0<\/span>\n\n\t\t        <span class=\"unit\">Night<\/span>\n    <\/div>\n\t\t<\/div>\n\t<\/div><!-- .summary -->\n\n\t\n<\/div>\n\n\n                    \n                        \n<div id=\"room-1841\" class=\"post-1841 hb_room type-hb_room status-publish has-post-thumbnail hentry hb_room_type-hotel\">\n\n\t\n\t<div class=\"summary entry-summary\">\n\t\t<a class=\"grouped_elements\" href=\"https:\/\/www.hotellapaix.com\/wp-content\/uploads\/2016\/11\/unnamed-4-1-1024x600.jpg\"><i class=\"icon-eye\"><\/i><\/a>\n\n\t\t<div class=\"media\">\n\t<a class=\"grouped_elements\" href=\"https:\/\/www.hotellapaix.com\/wp-content\/uploads\/2016\/11\/unnamed-4-1-1024x600.jpg\">+<\/a>\t\n\t<a href=\"https:\/\/www.hotellapaix.com\/es\/rooms\/habitacion-twin-confort\/\">\n\t\t<img loading=\"lazy\" decoding=\"async\" src=\"https:\/\/www.hotellapaix.com\/wp-content\/uploads\/2016\/11\/unnamed-4-1-270x270.jpg\" width=\"270\" height=\"270\" alt=\"\"\/>\t<\/a>\n<\/div>\t\t<div class=\"room-info\">\n\t\t\t<div class=\"title\">\n    <h4>\n        <a href=\"https:\/\/www.hotellapaix.com\/es\/rooms\/habitacion-twin-confort\/\">Habitaci\u00f3n twin<\/a>\n    <\/h4>\n<\/div>\n<p>2 personas, terraza, cuarto de ba\u00f1o<\/p>\t    <div class=\"price\">\n        <span class=\"title-price\">Price<\/span>\n\t\t\n            <span class=\"price_value price_min\">&#36;0.0<\/span>\n\n\t\t        <span class=\"unit\">Night<\/span>\n    <\/div>\n\t\t<\/div>\n\t<\/div><!-- .summary -->\n\n\t\n<\/div>\n\n\n                    \n                        \n<div id=\"room-1850\" class=\"post-1850 hb_room type-hb_room status-publish has-post-thumbnail hentry hb_room_type-hotel\">\n\n\t\n\t<div class=\"summary entry-summary\">\n\t\t<a class=\"grouped_elements\" href=\"https:\/\/www.hotellapaix.com\/wp-content\/uploads\/2016\/11\/1-1000x600.jpg\"><i class=\"icon-eye\"><\/i><\/a>\n\n\t\t<div class=\"media\">\n\t<a class=\"grouped_elements\" href=\"https:\/\/www.hotellapaix.com\/wp-content\/uploads\/2016\/11\/1-1000x600.jpg\">+<\/a>\t\n\t<a href=\"https:\/\/www.hotellapaix.com\/es\/rooms\/habitaciones-para-personas-con-discapacidad\/\">\n\t\t<img loading=\"lazy\" decoding=\"async\" src=\"https:\/\/www.hotellapaix.com\/wp-content\/uploads\/2016\/11\/1-270x270.jpg\" width=\"270\" height=\"270\" alt=\"\"\/>\t<\/a>\n<\/div>\t\t<div class=\"room-info\">\n\t\t\t<div class=\"title\">\n    <h4>\n        <a href=\"https:\/\/www.hotellapaix.com\/es\/rooms\/habitaciones-para-personas-con-discapacidad\/\">Habitaciones para personas con discapacidad<\/a>\n    <\/h4>\n<\/div>\n<p>2 personas, terraza, cuarto de ba\u00f1o<\/p>\t    <div class=\"price\">\n        <span class=\"title-price\">Price<\/span>\n\t\t\n            <span class=\"price_value price_min\">&#36;0.0<\/span>\n\n\t\t        <span class=\"unit\">Night<\/span>\n    <\/div>\n\t\t<\/div>\n\t<\/div><!-- .summary -->\n\n\t\n<\/div>\n\n\n                    \n                        \n<div id=\"room-1852\" class=\"post-1852 hb_room type-hb_room status-publish has-post-thumbnail hentry hb_room_type-hotel\">\n\n\t\n\t<div class=\"summary entry-summary\">\n\t\t<a class=\"grouped_elements\" href=\"https:\/\/www.hotellapaix.com\/wp-content\/uploads\/2017\/04\/unnamed.jpg\"><i class=\"icon-eye\"><\/i><\/a>\n\n\t\t<div class=\"media\">\n\t<a class=\"grouped_elements\" href=\"https:\/\/www.hotellapaix.com\/wp-content\/uploads\/2017\/04\/unnamed.jpg\">+<\/a>\t\n\t<a href=\"https:\/\/www.hotellapaix.com\/es\/rooms\/habitaciones-familiares\/\">\n\t\t<img loading=\"lazy\" decoding=\"async\" src=\"https:\/\/www.hotellapaix.com\/wp-content\/uploads\/2017\/04\/unnamed-270x270.jpg\" width=\"270\" height=\"270\" alt=\"\"\/>\t<\/a>\n<\/div>\t\t<div class=\"room-info\">\n\t\t\t<div class=\"title\">\n    <h4>\n        <a href=\"https:\/\/www.hotellapaix.com\/es\/rooms\/habitaciones-familiares\/\">Habitaciones familiares<\/a>\n    <\/h4>\n<\/div>\n<p>4 personas, terraza, cuarto de ba\u00f1o<\/p>\t    <div class=\"price\">\n        <span class=\"title-price\">Price<\/span>\n\t\t\n            <span class=\"price_value price_min\">&#36;0.0<\/span>\n\n\t\t        <span class=\"unit\">Night<\/span>\n    <\/div>\n\t\t<\/div>\n\t<\/div><!-- .summary -->\n\n\t\n<\/div>\n\n\n                    \n                    <\/ul>\n                                    <\/div>\n            <\/div>\n            <script type=\"text\/javascript\">\n                (function($){\n                    \"use strict\";\n                    $(document).ready(room_carousel);\n                    $(document).resize(room_carousel);\n                    function room_carousel() {\n                        var arrowpress_hotel_booking_carousel = $('#hotel_booking_slider_69e0f792191bc .hb_room_carousel .rooms');\n                        var width = $( window ).width();\n                        if(width >= 992){\n                            arrowpress_hotel_booking_carousel.slick({\n                                                                                                 slidesPerRow: 4,\n                                 rows: 2,\n                                                                nextArrow: '#hotel_booking_slider_69e0f792191bc .navigation .next',\n                                prevArrow: '#hotel_booking_slider_69e0f792191bc .navigation .prev',\n                                dots:false,\n                                slidesToScroll: 1,\n                                arrows: true,\n                                responsive: [\n                                {\n                                  breakpoint: 769,\n                                  settings: {\n                                    slidesToShow: 2,\n                                    slidesToScroll: 2,\n                                  }\n                                },\n                                {\n                                  breakpoint: 480,\n                                  settings: {\n                                    slidesToShow: 1,\n                                    slidesToScroll: 1,\n                                  }\n                                } ]                           \n                            });\n                        }else{\n                            arrowpress_hotel_booking_carousel.slick({\n                                \n                                                                slidesToShow: 4,\n                                nextArrow: '#hotel_booking_slider_69e0f792191bc .navigation .next',\n                                prevArrow: '#hotel_booking_slider_69e0f792191bc .navigation .prev',\n                                dots:false,\n                                slidesToScroll: 1,\n                                arrows: true,\n                                responsive: [\n                                {\n                                  breakpoint: 769,\n                                  settings: {\n                                    slidesToShow: 2,\n                                  }\n                                },\n                                {\n                                  breakpoint: 480,\n                                  settings: {\n                                    slidesToShow: 1,\n                                  }\n                                } ]                           \n                            });\n                        }\n                    }\n\n                })(jQuery);\n            <\/script>\n        <\/div><\/div>[vc_column_text]<\/p>\n<div class=\"button_acommo\" style=\"text-align: center;\"><a class=\"btn_slider_1 btn btn_default\" href=\"https:\/\/www.hotellapaix.com\/es\/contacto\/\">Un cumplea\u00f1os, la Navidad o una jubilaci\u00f3n son buenas ocasiones para ofrecer un bono de regalo.<br \/>\nContactarnos.<\/a><\/div>\n<p>[\/vc_column_text]<\/div>\n<div class=\"ult-spacer spacer-69e0f7921cebe\" data-id=\"69e0f7921cebe\" data-height=\"41\" data-height-mobile=\"41\" data-height-tab=\"41\" data-height-tab-portrait=\"\" data-height-mobile-landscape=\"\" style=\"clear:both;display:block;\"><\/div>[\/vc_column][\/vc_row][vc_row el_class=\u00bbcform_type1&#8243;][vc_column]<div class=\"arrowpress-container container \">[vc_row_inner][vc_column_inner]<div class=\"ult-spacer spacer-69e0f7921cfbc\" data-id=\"69e0f7921cfbc\" data-height=\"40\" data-height-mobile=\"50\" data-height-tab=\"\" data-height-tab-portrait=\"90\" data-height-mobile-landscape=\"50\" style=\"clear:both;display:block;\"><\/div><div id=\"ultimate-heading-426569e0f7921d014\" class=\"uvc-heading ult-adjust-bottom-margin ultimate-heading-426569e0f7921d014 uvc-8427 \" data-hspacer=\"icon_only\"  data-halign=\"center\" style=\"text-align:center\"><div class=\"uvc-heading-spacer icon_only\" style=\"margin-bottom:10px;\"><div class=\"ult-just-icon-wrapper  \"><div class=\"align-icon\" style=\"text-align:center;\">\n<div class=\"aio-icon none \"  style=\"font-size:26px;display:inline-block;\">\n\t<i class=\"icomoon-8\"><\/i>\n<\/div><\/div><\/div><\/div><div class=\"uvc-main-heading ult-responsive\"  data-ultimate-target='.uvc-heading.ultimate-heading-426569e0f7921d014 h2'  data-responsive-json-new='{\"font-size\":\"desktop:25px;\",\"line-height\":\"\"}' ><h2 style=\"font-family:'Poppins';font-weight:600;\">DESAYUNOS<\/h2><\/div><div class=\"uvc-sub-heading ult-responsive\"  data-ultimate-target='.uvc-heading.ultimate-heading-426569e0f7921d014 .uvc-sub-heading '  data-responsive-json-new='{\"font-size\":\"\",\"line-height\":\"\"}'  style=\"font-family:'Poppins';font-weight:normal;color:#9c9c9c;margin-top:6px;\">Para empezar el d\u00eda, le proponemos cada ma\u00f1ana un desayuno \u00a0buffet\u00a0 a discreci\u00f3n con boller\u00eda, pan fresco, cereales, huevos, jam\u00f3n york, queso Emmental, yogures artesanos de la casa Bastidarra, frutas de temporada, zumo de manzana vasco de la Sidrer\u00eda Eztigar, zumo de naranja natural y bebidas calientes.<\/div><\/div><div class=\"ult-spacer spacer-69e0f7921d025\" data-id=\"69e0f7921d025\" data-height=\"9\" data-height-mobile=\"0\" data-height-tab=\"\" data-height-tab-portrait=\"\" data-height-mobile-landscape=\"0\" style=\"clear:both;display:block;\"><\/div>[\/vc_column_inner][\/vc_row_inner]<div class=\"ult-content-box-container box-glrabout\" >\t\t<div class=\"ult-content-box\" style=\"box-shadow: px px px px rgb(247, 247, 247) none;-webkit-transition: all 700ms ease;-moz-transition: all 700ms ease;-ms-transition: all 700ms ease;-o-transition: all 700ms ease;transition: all 700ms ease;\"  data-hover_box_shadow=\"none\"    ><div class=\"our-gallery-sc \">\n            <div class=\"tabs_sort\">\n                <div class=\"gallery-entries-wrap isotope clearfix  col-3\">   \n                                                                        \n<div class=\"item dejeuner\">\n    \t\t<figure class=\"gallery-image\">\n\t\t\t<div class=\"gallery-img\">\n\t\t\t\t\t\t\t\t<a class=\"fancybox-thumb\" data-fancybox-group=\"fancybox-thumb\" href=\"https:\/\/www.hotellapaix.com\/wp-content\/uploads\/2017\/04\/3-4-1024x600.jpg\" ><img loading=\"lazy\" decoding=\"async\" width=\"512\" height=\"316\" src=\"https:\/\/www.hotellapaix.com\/wp-content\/uploads\/2017\/04\/3-4-512x316.jpg\" alt=\"gallery\" \/><\/a>\t\n\t\t\t<\/div>\n\t\t<\/figure>   \n      \n<\/div>                                                                        \n<div class=\"item dejeuner\">\n    \t\t<figure class=\"gallery-image\">\n\t\t\t<div class=\"gallery-img\">\n\t\t\t\t\t\t\t\t<a class=\"fancybox-thumb\" data-fancybox-group=\"fancybox-thumb\" href=\"https:\/\/www.hotellapaix.com\/wp-content\/uploads\/2017\/04\/2-3-1024x600.jpg\" ><img loading=\"lazy\" decoding=\"async\" width=\"512\" height=\"316\" src=\"https:\/\/www.hotellapaix.com\/wp-content\/uploads\/2017\/04\/2-3-512x316.jpg\" alt=\"gallery\" \/><\/a>\t\n\t\t\t<\/div>\n\t\t<\/figure>   \n      \n<\/div>                                                                        \n<div class=\"item dejeuner\">\n    \t\t<figure class=\"gallery-image\">\n\t\t\t<div class=\"gallery-img\">\n\t\t\t\t\t\t\t\t<a class=\"fancybox-thumb\" data-fancybox-group=\"fancybox-thumb\" href=\"https:\/\/www.hotellapaix.com\/wp-content\/uploads\/2017\/04\/1-2-1024x600.jpg\" ><img loading=\"lazy\" decoding=\"async\" width=\"512\" height=\"316\" src=\"https:\/\/www.hotellapaix.com\/wp-content\/uploads\/2017\/04\/1-2-512x316.jpg\" alt=\"gallery\" \/><\/a>\t\n\t\t\t<\/div>\n\t\t<\/figure>   \n      \n<\/div>                                    <\/div>  \n            <\/div> \n              \n<\/div>\n\t\t<\/div><\/div><div class=\"ult-spacer spacer-69e0f7921e71f\" data-id=\"69e0f7921e71f\" data-height=\"146\" data-height-mobile=\"50\" data-height-tab=\"\" data-height-tab-portrait=\"80\" data-height-mobile-landscape=\"60\" style=\"clear:both;display:block;\"><\/div><\/div>\n[\/vc_column][\/vc_row]<\/p>\n","protected":false},"excerpt":{"rendered":"<p>[vc_row hide_bg_mobile=\u00bbyes\u00bb equal_height=\u00bbyes\u00bb bg_type=\u00bbimage\u00bb parallax_style=\u00bbvcpb-default\u00bb bg_image_new=\u00bbid^1037|url^http:\/\/www.hotellapaix.com\/wp-content\/uploads\/2017\/04\/bandeau.jpg|caption^null|alt^null|title^bandeau|description^null\u00bb bg_image_repeat=\u00bbno-repeat\u00bb bg_image_posiiton=\u00bb0 0&#8243;][vc_column el_class=\u00bbexe_pad_left\u00bb offset=\u00bbvc_col-lg-6 vc_col-md-12&#8243;][\/vc_column][vc_column offset=\u00bbvc_col-lg-6 vc_col-md-12&#8243;][vc_single_image image=\u00bb1036&#8243; img_size=\u00bbfull\u00bb][\/vc_column][\/vc_row][vc_row bg_type=\u00bbbg_color\u00bb bg_color_value=\u00bb#f5f5f5&#8243; el_class=\u00bbroom_h1&#8243;][vc_column][\/vc_column][\/vc_row][vc_row el_class=\u00bbcform_type1&#8243;][vc_column][\/vc_column][\/vc_row]<\/p>\n","protected":false},"author":1,"featured_media":0,"parent":0,"menu_order":0,"comment_status":"closed","ping_status":"closed","template":"","meta":{"footnotes":""},"class_list":["post-1816","page","type-page","status-publish","hentry"],"_links":{"self":[{"href":"https:\/\/www.hotellapaix.com\/es\/wp-json\/wp\/v2\/pages\/1816","targetHints":{"allow":["GET"]}}],"collection":[{"href":"https:\/\/www.hotellapaix.com\/es\/wp-json\/wp\/v2\/pages"}],"about":[{"href":"https:\/\/www.hotellapaix.com\/es\/wp-json\/wp\/v2\/types\/page"}],"author":[{"embeddable":true,"href":"https:\/\/www.hotellapaix.com\/es\/wp-json\/wp\/v2\/users\/1"}],"replies":[{"embeddable":true,"href":"https:\/\/www.hotellapaix.com\/es\/wp-json\/wp\/v2\/comments?post=1816"}],"version-history":[{"count":3,"href":"https:\/\/www.hotellapaix.com\/es\/wp-json\/wp\/v2\/pages\/1816\/revisions"}],"predecessor-version":[{"id":1899,"href":"https:\/\/www.hotellapaix.com\/es\/wp-json\/wp\/v2\/pages\/1816\/revisions\/1899"}],"wp:attachment":[{"href":"https:\/\/www.hotellapaix.com\/es\/wp-json\/wp\/v2\/media?parent=1816"}],"curies":[{"name":"wp","href":"https:\/\/api.w.org\/{rel}","templated":true}]}}