{"id":1822,"date":"2017-06-08T09:26:18","date_gmt":"2017-06-08T07:26:18","guid":{"rendered":"http:\/\/www.hotellapaix.com\/seminaire\/"},"modified":"2017-09-14T11:30:50","modified_gmt":"2017-09-14T09:30:50","slug":"seminario","status":"publish","type":"page","link":"https:\/\/www.hotellapaix.com\/es\/seminario\/","title":{"rendered":"Seminario"},"content":{"rendered":"<p>[vc_row hide_bg_mobile=\u00bbyes\u00bb equal_height=\u00bbyes\u00bb bg_type=\u00bbimage\u00bb parallax_style=\u00bbvcpb-default\u00bb bg_image_new=\u00bbid^1037|url^http:\/\/www.hotellapaix.com\/wp-content\/uploads\/2017\/04\/bandeau.jpg|caption^null|alt^null|title^bandeau|description^null\u00bb bg_image_repeat=\u00bbno-repeat\u00bb bg_image_posiiton=\u00bb0 0&#8243;][vc_column el_class=\u00bbexe_pad_left\u00bb offset=\u00bbvc_col-lg-6 vc_col-md-12&#8243;]<div class=\"ult-content-box-container \" >\t\t<div class=\"ult-content-box\" style=\"box-shadow: px px px px #f7f7f7 none;margin-right:34px;-webkit-transition: all 700ms ease;-moz-transition: all 700ms ease;-ms-transition: all 700ms ease;-o-transition: all 700ms ease;transition: all 700ms ease;\"  data-hover_box_shadow=\"none\"   data-responsive_margins=\"margin-right:15px;\"   data-normal_margins=\"margin-right:34px;\"  ><div class=\"ult-animation  ult-animate-viewport  ult-no-mobile \" data-animate=\"fadeInLeft\" data-animation-delay=\"0.3\" data-animation-duration=\"1\" data-animation-iteration=\"1\" style=\"opacity:0;\" data-opacity_start_effect=\"100\"><div id=\"ultimate-heading-557669e735f6225e2\" class=\"uvc-heading ult-adjust-bottom-margin ultimate-heading-557669e735f6225e2 uvc-5512 letter_spacing_06\" data-hspacer=\"no_spacer\"  data-halign=\"left\" style=\"text-align:left\"><div class=\"uvc-heading-spacer no_spacer\" style=\"top\"><\/div><div class=\"uvc-main-heading ult-responsive\"  data-ultimate-target='.uvc-heading.ultimate-heading-557669e735f6225e2 h2'  data-responsive-json-new='{\"font-size\":\"desktop:25px;\",\"line-height\":\"\"}' ><h2 style=\"font-family:'Poppins';font-weight:600;color:#3d3935;margin-top:30px;margin-bottom:13px;\">Para sus banquetes familares o profesionales<\/h2><\/div><div class=\"uvc-sub-heading ult-responsive\"  data-ultimate-target='.uvc-heading.ultimate-heading-557669e735f6225e2 .uvc-sub-heading '  data-responsive-json-new='{\"font-size\":\"\",\"line-height\":\"desktop:24px;\"}'  style=\"font-family:'Poppins';font-weight:normal;color:#9c9c9c;margin-bottom:12px;\"><\/p>\n<p style=\"text-align: justify;\">El Hotel de la Paix es un lugar ideal para sus banquetes familiares o profesionales.<br \/>\nSaint Palais es un punto de salida para visitar la Baja Navarra y el Pa\u00eds Vasco.<br \/>\nNuestro equipo le propondr\u00e1 prestaciones seg\u00fan su caso particular\u00a0: seminario, reuni\u00f3n, bautizo, comuni\u00f3n, boda\u2026<br \/>\nCont\u00e1ctenos para establecer un menu a medidas seg\u00fan sus gustos y deseos.<\/p>\n<p><\/div><\/div><\/div>\t\t<\/div><\/div>[\/vc_column][vc_column offset=\u00bbvc_col-lg-6 vc_col-md-12&#8243;][vc_single_image image=\u00bb1605&#8243; img_size=\u00bbfull\u00bb css=\u00bb.vc_custom_1496907713714{padding-top: 75px !important;}\u00bb][\/vc_column][\/vc_row][vc_row css=\u00bb.vc_custom_1498721329298{margin-top: 30px !important;margin-right: 50px !important;margin-bottom: 30px !important;margin-left: 50px !important;}\u00bb][vc_column width=\u00bb1\/2&#8243;]<div class=\"ult-content-box-container \" >\t\t<div class=\"ult-content-box\" style=\"background-color:#f5f5f5;box-shadow: px px px px #f7f7f7 none;padding-top:35px;padding-right:50px;padding-bottom:35px;padding-left:50px;-webkit-transition: all 700ms ease;-moz-transition: all 700ms ease;-ms-transition: all 700ms ease;-o-transition: all 700ms ease;transition: all 700ms ease;\"  data-hover_box_shadow=\"none\"     data-bg=\"#f5f5f5\" >[vc_custom_heading text=\u00bbOrganizaci\u00f3n de seminarios\u00bb font_container=\u00bbtag:h4|font_size:20px|text_align:center|color:%233d3935|line_height:16px\u00bb use_theme_fonts=\u00bbyes\u00bb css=\u00bb.vc_custom_1505381275803{padding-bottom: 15px !important;}\u00bb][vc_custom_heading text=\u00bbOrganizaci\u00f3n de seminarios<br \/>\n2 salas a su disposici\u00f3n seg\u00fan sus necesidades<br \/>\n-El sal\u00f3n :<br \/>\n30m2\/capacidad de 16 personas<br \/>\n-La sala Barazte Zolan<br \/>\n100m2\/capacidad de 65 personas\u00bb font_container=\u00bbtag:p|font_size:16px|text_align:center|color:%23b58a61|line_height:24px\u00bb use_theme_fonts=\u00bbyes\u00bb]\t\t<\/div><\/div>[\/vc_column][vc_column width=\u00bb1\/2&#8243;]<div class=\"ult-content-box-container \" >\t\t<div class=\"ult-content-box\" style=\"background-color:#f5f5f5;box-shadow: px px px px #f7f7f7 none;padding-top:35px;padding-right:50px;padding-bottom:35px;padding-left:50px;-webkit-transition: all 700ms ease;-moz-transition: all 700ms ease;-ms-transition: all 700ms ease;-o-transition: all 700ms ease;transition: all 700ms ease;\"  data-hover_box_shadow=\"none\"     data-bg=\"#f5f5f5\" >[vc_custom_heading text=\u00bbD\u00edas de estudio\u00bb font_container=\u00bbtag:h4|font_size:20px|text_align:center|color:%233d3935|line_height:16px\u00bb use_theme_fonts=\u00bbyes\u00bb css=\u00bb.vc_custom_1505381313008{padding-bottom: 15px !important;}\u00bb][vc_custom_heading text=\u00bbTarifa a partir de 30\u20ac que incluye la sala con :<br \/>\n-pantalla, paper board wifi<br \/>\n-pausa con bebidas calientes, zumo de fruta y boller\u00eda<br \/>\n&#8211; almuerzo con 3 platos, vino y caf\u00e9 incluidos<br \/>\n&#8211;<br \/>\n-\u00bb font_container=\u00bbtag:p|font_size:16px|text_align:center|color:%23b58a61|line_height:24px\u00bb use_theme_fonts=\u00bbyes\u00bb]\t\t<\/div><\/div>[\/vc_column][\/vc_row][vc_row css=\u00bb.vc_custom_1498721336427{margin-right: 50px !important;margin-bottom: 30px !important;margin-left: 50px !important;}\u00bb][vc_column]<div class=\"ult-content-box-container \" >\t\t<div class=\"ult-content-box\" style=\"background-color:#f5f5f5;box-shadow: px px px px #f7f7f7 none;padding-top:35px;padding-right:50px;padding-bottom:35px;padding-left:50px;-webkit-transition: all 700ms ease;-moz-transition: all 700ms ease;-ms-transition: all 700ms ease;-o-transition: all 700ms ease;transition: all 700ms ease;\"  data-hover_box_shadow=\"none\"     data-bg=\"#f5f5f5\" >[vc_custom_heading text=\u00bbGrupos y compa\u00f1\u00edas de autobuses\u00bb font_container=\u00bbtag:h4|font_size:20px|text_align:center|color:%233d3935|line_height:16px\u00bb use_theme_fonts=\u00bbyes\u00bb css=\u00bb.vc_custom_1505381349109{padding-bottom: 15px !important;}\u00bb][vc_custom_heading text=\u00bbUna situaci\u00f3n geogr\u00e1fica privilegiada que permite organizar sus d\u00edas de excursiones reduciendo el tiempo de transporte<br \/>\nCapacidad de alojamiento : 55 personas<br \/>\nAparcamiento cerrado para motos con suplemento<br \/>\nTarifa especial a partir de 10 habitaciones\u00bb font_container=\u00bbtag:p|font_size:16px|text_align:center|color:%23b58a61|line_height:24px\u00bb use_theme_fonts=\u00bbyes\u00bb]\t\t<\/div><\/div>[\/vc_column][\/vc_row]<\/p>\n","protected":false},"excerpt":{"rendered":"<p>[vc_row hide_bg_mobile=\u00bbyes\u00bb equal_height=\u00bbyes\u00bb bg_type=\u00bbimage\u00bb parallax_style=\u00bbvcpb-default\u00bb bg_image_new=\u00bbid^1037|url^http:\/\/www.hotellapaix.com\/wp-content\/uploads\/2017\/04\/bandeau.jpg|caption^null|alt^null|title^bandeau|description^null\u00bb bg_image_repeat=\u00bbno-repeat\u00bb bg_image_posiiton=\u00bb0 0&#8243;][vc_column el_class=\u00bbexe_pad_left\u00bb offset=\u00bbvc_col-lg-6 vc_col-md-12&#8243;][\/vc_column][vc_column offset=\u00bbvc_col-lg-6 vc_col-md-12&#8243;][vc_single_image image=\u00bb1605&#8243; img_size=\u00bbfull\u00bb css=\u00bb.vc_custom_1496907713714{padding-top: 75px !important;}\u00bb][\/vc_column][\/vc_row][vc_row css=\u00bb.vc_custom_1498721329298{margin-top: 30px !important;margin-right: 50px !important;margin-bottom: 30px !important;margin-left: 50px !important;}\u00bb][vc_column width=\u00bb1\/2&#8243;][\/vc_column][vc_column width=\u00bb1\/2&#8243;][\/vc_column][\/vc_row][vc_row css=\u00bb.vc_custom_1498721336427{margin-right: 50px !important;margin-bottom: 30px !important;margin-left: 50px !important;}\u00bb][vc_column][\/vc_column][\/vc_row]<\/p>\n","protected":false},"author":1,"featured_media":0,"parent":0,"menu_order":0,"comment_status":"closed","ping_status":"closed","template":"","meta":{"footnotes":""},"class_list":["post-1822","page","type-page","status-publish","hentry"],"_links":{"self":[{"href":"https:\/\/www.hotellapaix.com\/es\/wp-json\/wp\/v2\/pages\/1822","targetHints":{"allow":["GET"]}}],"collection":[{"href":"https:\/\/www.hotellapaix.com\/es\/wp-json\/wp\/v2\/pages"}],"about":[{"href":"https:\/\/www.hotellapaix.com\/es\/wp-json\/wp\/v2\/types\/page"}],"author":[{"embeddable":true,"href":"https:\/\/www.hotellapaix.com\/es\/wp-json\/wp\/v2\/users\/1"}],"replies":[{"embeddable":true,"href":"https:\/\/www.hotellapaix.com\/es\/wp-json\/wp\/v2\/comments?post=1822"}],"version-history":[{"count":3,"href":"https:\/\/www.hotellapaix.com\/es\/wp-json\/wp\/v2\/pages\/1822\/revisions"}],"predecessor-version":[{"id":1825,"href":"https:\/\/www.hotellapaix.com\/es\/wp-json\/wp\/v2\/pages\/1822\/revisions\/1825"}],"wp:attachment":[{"href":"https:\/\/www.hotellapaix.com\/es\/wp-json\/wp\/v2\/media?parent=1822"}],"curies":[{"name":"wp","href":"https:\/\/api.w.org\/{rel}","templated":true}]}}